{"id":873,"date":"2019-08-05T14:44:21","date_gmt":"2019-08-05T14:44:21","guid":{"rendered":"http:\/\/medify.wgl-demo.net\/?page_id=873"},"modified":"2021-10-17T05:52:06","modified_gmt":"2021-10-17T05:52:06","slug":"refer-a-patient","status":"publish","type":"page","link":"https:\/\/crtce.com\/fr\/refer-a-patient\/","title":{"rendered":"Refer a Patient &#8211; EN"},"content":{"rendered":"<div data-elementor-type=\"wp-post\" data-elementor-id=\"873\" class=\"elementor elementor-873\" data-elementor-settings=\"[]\">\n\t\t\t\t\t\t<div class=\"elementor-inner\">\n\t\t\t\t\t\t\t<div class=\"elementor-section-wrap\">\n\t\t\t\t\t\t\t<section class=\"elementor-section elementor-top-section elementor-element elementor-element-8074fd0 elementor-section-boxed elementor-section-height-default elementor-section-height-default\" data-id=\"8074fd0\" data-element_type=\"section\">\n\t\t\t\t\t\t<div class=\"elementor-container elementor-column-gap-default\">\n\t\t\t\t\t\t\t<div class=\"elementor-row\">\n\t\t\t\t\t<div class=\"elementor-column elementor-col-100 elementor-top-column elementor-element elementor-element-af8a8d3\" data-id=\"af8a8d3\" data-element_type=\"column\">\n\t\t\t<div class=\"elementor-column-wrap elementor-element-populated\">\n\t\t\t\t\t\t\t<div class=\"elementor-widget-wrap\">\n\t\t\t\t\t\t<div class=\"elementor-element elementor-element-73e0271 elementor-widget elementor-widget-spacer\" data-id=\"73e0271\" data-element_type=\"widget\" data-widget_type=\"spacer.default\">\n\t\t\t\t<div class=\"elementor-widget-container\">\n\t\t\t\t\t<div class=\"elementor-spacer\">\n\t\t\t<div class=\"elementor-spacer-inner\"><\/div>\n\t\t<\/div>\n\t\t\t\t<\/div>\n\t\t\t\t<\/div>\n\t\t\t\t<div class=\"elementor-element elementor-element-3a6d509 elementor-widget elementor-widget-alert\" data-id=\"3a6d509\" data-element_type=\"widget\" data-widget_type=\"alert.default\">\n\t\t\t\t<div class=\"elementor-widget-container\">\n\t\t\t\t\t<div class=\"elementor-alert elementor-alert-info\" role=\"alert\">\n\t\t\t<span class=\"elementor-alert-title\">VEUILLEZ NOTER: CETTE PAGE DE R\u00c9F\u00c9RENCE EST UNIQUEMENT POUR LES M\u00c9DECINS. VOUS NE POUVEZ PAS VOUS R\u00c9F\u00c9RER<\/span>\n\t\t\t\t\t\t\t\t\t\t<button type=\"button\" class=\"elementor-alert-dismiss\">\n\t\t\t\t\t<span aria-hidden=\"true\">&times;<\/span>\n\t\t\t\t\t<span class=\"elementor-screen-only\">Rejeter l\u2019alerte<\/span>\n\t\t\t\t<\/button>\n\t\t\t\t\t<\/div>\n\t\t\t\t<\/div>\n\t\t\t\t<\/div>\n\t\t\t\t\t\t<\/div>\n\t\t\t\t\t<\/div>\n\t\t<\/div>\n\t\t\t\t\t\t\t\t<\/div>\n\t\t\t\t\t<\/div>\n\t\t<\/section>\n\t\t\t\t<section class=\"elementor-section elementor-top-section elementor-element elementor-element-6bc9566 elementor-section-boxed elementor-section-height-default elementor-section-height-default\" data-id=\"6bc9566\" data-element_type=\"section\">\n\t\t\t\t\t\t<div class=\"elementor-container elementor-column-gap-default\">\n\t\t\t\t\t\t\t<div class=\"elementor-row\">\n\t\t\t\t\t<div class=\"elementor-column elementor-col-100 elementor-top-column elementor-element elementor-element-404cccd\" data-id=\"404cccd\" data-element_type=\"column\">\n\t\t\t<div class=\"elementor-column-wrap elementor-element-populated\">\n\t\t\t\t\t\t\t<div class=\"elementor-widget-wrap\">\n\t\t\t\t\t\t<div class=\"elementor-element elementor-element-6351762 elementor-widget elementor-widget-text-editor\" data-id=\"6351762\" data-element_type=\"widget\" data-widget_type=\"text-editor.default\">\n\t\t\t\t<div class=\"elementor-widget-container\">\n\t\t\t\t\t\t\t\t<div class=\"elementor-text-editor elementor-clearfix\">\n\t\t\t\t<script type=\"text\/javascript\" src=\"https:\/\/ocean.cognisantmd.com\/lib\/iframeResizer.min.js\"><\/script>\n<script type=\"text\/javascript\" src=\"https:\/\/ocean.cognisantmd.com\/js\/OIFrameResizer.js\"><\/script>\n<iframe id=\"oceanIFrame\" style=\"border: solid; width: 1px; height: 350px; min-width: 100%;\" src=\"https:\/\/ocean.cognisantmd.com\/intake\/IntakePortal.html?eReqRef=b81f9240-c117-46ac-ae6f-557633dcd288 \" scrolling=\"no\"><\/iframe>\t\t\t\t\t<\/div>\n\t\t\t\t\t\t<\/div>\n\t\t\t\t<\/div>\n\t\t\t\t<div class=\"elementor-element elementor-element-bf93569 elementor-widget elementor-widget-spacer\" data-id=\"bf93569\" data-element_type=\"widget\" data-widget_type=\"spacer.default\">\n\t\t\t\t<div class=\"elementor-widget-container\">\n\t\t\t\t\t<div class=\"elementor-spacer\">\n\t\t\t<div class=\"elementor-spacer-inner\"><\/div>\n\t\t<\/div>\n\t\t\t\t<\/div>\n\t\t\t\t<\/div>\n\t\t\t\t\t\t<\/div>\n\t\t\t\t\t<\/div>\n\t\t<\/div>\n\t\t\t\t\t\t\t\t<\/div>\n\t\t\t\t\t<\/div>\n\t\t<\/section>\n\t\t\t\t\t\t<\/div>\n\t\t\t\t\t\t<\/div>\n\t\t\t\t\t<\/div>","protected":false},"excerpt":{"rendered":"<p>PLEASE NOTE: THIS REFERRAL PAGE IS FOR PHYSICIANS ONLY. YOU MAY NOT REFER YOURSELF &times; Dismiss alert<\/p>","protected":false},"author":1,"featured_media":0,"parent":0,"menu_order":0,"comment_status":"closed","ping_status":"closed","template":"","meta":{"inline_featured_image":false},"_links":{"self":[{"href":"https:\/\/crtce.com\/fr\/wp-json\/wp\/v2\/pages\/873"}],"collection":[{"href":"https:\/\/crtce.com\/fr\/wp-json\/wp\/v2\/pages"}],"about":[{"href":"https:\/\/crtce.com\/fr\/wp-json\/wp\/v2\/types\/page"}],"author":[{"embeddable":true,"href":"https:\/\/crtce.com\/fr\/wp-json\/wp\/v2\/users\/1"}],"replies":[{"embeddable":true,"href":"https:\/\/crtce.com\/fr\/wp-json\/wp\/v2\/comments?post=873"}],"version-history":[{"count":14,"href":"https:\/\/crtce.com\/fr\/wp-json\/wp\/v2\/pages\/873\/revisions"}],"predecessor-version":[{"id":2787,"href":"https:\/\/crtce.com\/fr\/wp-json\/wp\/v2\/pages\/873\/revisions\/2787"}],"wp:attachment":[{"href":"https:\/\/crtce.com\/fr\/wp-json\/wp\/v2\/media?parent=873"}],"curies":[{"name":"wp","href":"https:\/\/api.w.org\/{rel}","templated":true}]}}