{"id":207,"date":"2019-08-01T11:36:39","date_gmt":"2019-08-01T11:36:39","guid":{"rendered":"http:\/\/medify.wgl-demo.net\/?page_id=207"},"modified":"2021-01-27T02:12:19","modified_gmt":"2021-01-27T02:12:19","slug":"treatments","status":"publish","type":"page","link":"https:\/\/crtce.com\/fr\/treatments\/","title":{"rendered":"Traitements"},"content":{"rendered":"<div data-elementor-type=\"wp-post\" data-elementor-id=\"207\" class=\"elementor elementor-207\" data-elementor-settings=\"[]\">\n\t\t\t\t\t\t<div class=\"elementor-inner\">\n\t\t\t\t\t\t\t<div class=\"elementor-section-wrap\">\n\t\t\t\t\t\t\t<section class=\"elementor-section elementor-top-section elementor-element elementor-element-1aa29477 elementor-section-boxed elementor-section-height-default elementor-section-height-default\" data-id=\"1aa29477\" data-element_type=\"section\">\n\t\t\t\t\t\t<div class=\"elementor-container elementor-column-gap-default\">\n\t\t\t\t\t\t\t<div class=\"elementor-row\">\n\t\t\t\t\t<div class=\"elementor-column elementor-col-100 elementor-top-column elementor-element elementor-element-6749a08d\" data-id=\"6749a08d\" data-element_type=\"column\">\n\t\t\t<div class=\"elementor-column-wrap elementor-element-populated\">\n\t\t\t\t\t\t\t<div class=\"elementor-widget-wrap\">\n\t\t\t\t\t\t<section class=\"elementor-section elementor-inner-section elementor-element elementor-element-31fc9b66 elementor-section-boxed elementor-section-height-default elementor-section-height-default\" data-id=\"31fc9b66\" data-element_type=\"section\">\n\t\t\t\t\t\t<div class=\"elementor-container elementor-column-gap-default\">\n\t\t\t\t\t\t\t<div class=\"elementor-row\">\n\t\t\t\t\t<div class=\"elementor-column elementor-col-100 elementor-inner-column elementor-element elementor-element-1daa21f3\" data-id=\"1daa21f3\" data-element_type=\"column\">\n\t\t\t<div class=\"elementor-column-wrap elementor-element-populated\">\n\t\t\t\t\t\t\t<div class=\"elementor-widget-wrap\">\n\t\t\t\t\t\t<div class=\"elementor-element elementor-element-4eb33436 elementor-widget elementor-widget-spacer\" data-id=\"4eb33436\" data-element_type=\"widget\" data-widget_type=\"spacer.default\">\n\t\t\t\t<div class=\"elementor-widget-container\">\n\t\t\t\t\t<div class=\"elementor-spacer\">\n\t\t\t<div class=\"elementor-spacer-inner\"><\/div>\n\t\t<\/div>\n\t\t\t\t<\/div>\n\t\t\t\t<\/div>\n\t\t\t\t<div class=\"elementor-element elementor-element-766512f9 elementor-widget elementor-widget-wgl-double-headings\" data-id=\"766512f9\" data-element_type=\"widget\" data-widget_type=\"wgl-double-headings.default\">\n\t\t\t\t<div class=\"elementor-widget-container\">\n\t\t\t<div class=\"wgl-double_heading acenter\">                <h3 class=\"dbl-title_wrapper\"><span class=\"dbl-title dbl-title_1\">Nos Traitements<\/span>                 <\/h3>        <\/div>\t\t<\/div>\n\t\t\t\t<\/div>\n\t\t\t\t\t\t<\/div>\n\t\t\t\t\t<\/div>\n\t\t<\/div>\n\t\t\t\t\t\t\t\t<\/div>\n\t\t\t\t\t<\/div>\n\t\t<\/section>\n\t\t\t\t<section class=\"elementor-section elementor-inner-section elementor-element elementor-element-6b059cd2 elementor-section-boxed elementor-section-height-default elementor-section-height-default\" data-id=\"6b059cd2\" data-element_type=\"section\">\n\t\t\t\t\t\t<div class=\"elementor-container elementor-column-gap-extended\">\n\t\t\t\t\t\t\t<div class=\"elementor-row\">\n\t\t\t\t\t<div class=\"elementor-column elementor-col-33 elementor-inner-column elementor-element elementor-element-256f691e\" data-id=\"256f691e\" data-element_type=\"column\">\n\t\t\t<div class=\"elementor-column-wrap elementor-element-populated\">\n\t\t\t\t\t\t\t<div class=\"elementor-widget-wrap\">\n\t\t\t\t\t\t<div class=\"elementor-element elementor-element-3e661d5 elementor-widget-image-box wgl-image-box elementor-widget elementor-widget-wgl-services-2\" data-id=\"3e661d5\" data-element_type=\"widget\" data-widget_type=\"wgl-services-2.default\">\n\t\t\t\t<div class=\"elementor-widget-container\">\n\t\t\t        <div class=\"wgl-services-2\">\n            <div class=\"wgl-services_wrap\">                <div class=\"wgl-services_media-wrap\">\n                    <div class=\"wgl-services_circle-wrapper\" style=\"width: 77px; height: 77px; left: 16px; top: 16px;\"><div class=\"wgl-services_circle\"><\/div><\/div>\n                    <div class=\"wgl-services_circle-wrapper\" style=\"width: 77px; height: 77px; left: 16px; top: 16px;\"><div class=\"wgl-services_circle\"><\/div><\/div><div class=\"wgl-widget_wrapper elementor-image-box-img\"><div class=\"wgl-widget_container\"><figure class=\"wgl-image-box_img\"><span ><img width=\"1271\" height=\"1413\" src=\"https:\/\/crtce.com\/wp-content\/uploads\/2020\/11\/IV-2.png\" class=\"attachment-full size-full\" alt=\"\" loading=\"lazy\" srcset=\"https:\/\/crtce.com\/wp-content\/uploads\/2020\/11\/IV-2.png 1271w, https:\/\/crtce.com\/wp-content\/uploads\/2020\/11\/IV-2-270x300.png 270w, https:\/\/crtce.com\/wp-content\/uploads\/2020\/11\/IV-2-921x1024.png 921w, https:\/\/crtce.com\/wp-content\/uploads\/2020\/11\/IV-2-768x854.png 768w\" sizes=\"(max-width: 1271px) 100vw, 1271px\" \/><\/span><\/figure><\/div><\/div>                <\/div>                <div class=\"wgl-services_content-wrap\">\n                    <h3 class=\"wgl-services_title\">K\u00e9tamine par voie intraveineuse (IV) <\/h3>                        <div class=\"wgl-services_text\"><p><span>La k\u00e9tamine IV est un m\u00e9dicament anesth\u00e9sique qui est \u00e9galement utilis\u00e9 pour le traitement de la d\u00e9pression r\u00e9sistante. De nombreux essais cliniques ont d\u00e9montr\u00e9 que la k\u00e9tamine IV a des effets antid\u00e9presseurs rapides et robustes chez les personnes qui continuent \u00e0 souffrir de d\u00e9pression, malgr\u00e9 l'essai de nombreux m\u00e9dicaments antid\u00e9presseurs et la psychoth\u00e9rapie. La k\u00e9tamine IV est utilis\u00e9e en dehors des indications de l'\u00e9tiquette pour la d\u00e9pression, ce qui signifie qu'elle n'a pas \u00e9t\u00e9 approuv\u00e9e par Sant\u00e9 Canada pour cette indication sp\u00e9cifique.\u00a0<\/span><span>De nombreux essais cliniques ont d\u00e9montr\u00e9 que la k\u00e9tamine IV a des effets antid\u00e9presseurs rapides et robustes chez les personnes qui continuent \u00e0 souffrir de d\u00e9pression, malgr\u00e9 l'essai de nombreux m\u00e9dicaments antid\u00e9presseurs et de psychoth\u00e9rapies.  La k\u00e9tamine IV est utilis\u00e9e en dehors des indications de l'\u00e9tiquette pour la d\u00e9pression, ce qui signifie qu'elle n'a pas \u00e9t\u00e9 approuv\u00e9e par Sant\u00e9 Canada pour cette indication sp\u00e9cifique.\u00a0<\/span><\/p><\/div>                <\/div>                    <a class=\"wgl-services_item-link\"><\/a>            <\/div>\n        <\/div>\n\n        \t\t<\/div>\n\t\t\t\t<\/div>\n\t\t\t\t\t\t<\/div>\n\t\t\t\t\t<\/div>\n\t\t<\/div>\n\t\t\t\t<div class=\"elementor-column elementor-col-33 elementor-inner-column elementor-element elementor-element-3cd011e7\" data-id=\"3cd011e7\" data-element_type=\"column\">\n\t\t\t<div class=\"elementor-column-wrap elementor-element-populated\">\n\t\t\t\t\t\t\t<div class=\"elementor-widget-wrap\">\n\t\t\t\t\t\t<div class=\"elementor-element elementor-element-e3ca686 elementor-widget-image-box wgl-image-box elementor-widget elementor-widget-wgl-services-2\" data-id=\"e3ca686\" data-element_type=\"widget\" data-widget_type=\"wgl-services-2.default\">\n\t\t\t\t<div class=\"elementor-widget-container\">\n\t\t\t        <div class=\"wgl-services-2\">\n            <div class=\"wgl-services_wrap\">                <div class=\"wgl-services_media-wrap\">\n                    <div class=\"wgl-services_circle-wrapper\" style=\"width: 77px; height: 77px; left: 16px; top: 16px;\"><div class=\"wgl-services_circle\"><\/div><\/div>\n                    <div class=\"wgl-services_circle-wrapper\" style=\"width: 77px; height: 77px; left: 16px; top: 16px;\"><div class=\"wgl-services_circle\"><\/div><\/div><div class=\"wgl-widget_wrapper elementor-image-box-img\"><div class=\"wgl-widget_container\"><figure class=\"wgl-image-box_img\"><span ><img width=\"1271\" height=\"1413\" src=\"https:\/\/crtce.com\/wp-content\/uploads\/2020\/11\/nasal-2.png\" class=\"attachment-full size-full\" alt=\"\" loading=\"lazy\" srcset=\"https:\/\/crtce.com\/wp-content\/uploads\/2020\/11\/nasal-2.png 1271w, https:\/\/crtce.com\/wp-content\/uploads\/2020\/11\/nasal-2-270x300.png 270w, https:\/\/crtce.com\/wp-content\/uploads\/2020\/11\/nasal-2-921x1024.png 921w, https:\/\/crtce.com\/wp-content\/uploads\/2020\/11\/nasal-2-768x854.png 768w\" sizes=\"(max-width: 1271px) 100vw, 1271px\" \/><\/span><\/figure><\/div><\/div>                <\/div>                <div class=\"wgl-services_content-wrap\">\n                    <h3 class=\"wgl-services_title\">Vaporisateur Nasal<\/h3>                        <div class=\"wgl-services_text\"><p><span>Le spray nasal \u00e0 l'esketamine est un traitement approuv\u00e9 par Sant\u00e9 Canada et la FDA pour les d\u00e9pressions r\u00e9sistantes aux traitements. L'esk\u00e9tamine est un traitement d'appoint, sp\u00e9cifiquement approuv\u00e9 pour \u00eatre utilis\u00e9 en compl\u00e9ment d'un m\u00e9dicament antid\u00e9presseur (par exemple, les ISRS\/INRS) pour les personnes qui n'ont pas r\u00e9pondu \u00e0 deux antid\u00e9presseurs ou plus.\u00a0<\/span><\/p><\/div>                <\/div>                    <a class=\"wgl-services_item-link\"><\/a>            <\/div>\n        <\/div>\n\n        \t\t<\/div>\n\t\t\t\t<\/div>\n\t\t\t\t\t\t<\/div>\n\t\t\t\t\t<\/div>\n\t\t<\/div>\n\t\t\t\t<div class=\"elementor-column elementor-col-33 elementor-inner-column elementor-element elementor-element-5e7b0a8\" data-id=\"5e7b0a8\" data-element_type=\"column\">\n\t\t\t<div class=\"elementor-column-wrap elementor-element-populated\">\n\t\t\t\t\t\t\t<div class=\"elementor-widget-wrap\">\n\t\t\t\t\t\t<div class=\"elementor-element elementor-element-47f4b2b elementor-widget-icon-box wgl-icon-box elementor-widget elementor-widget-wgl-services-2\" data-id=\"47f4b2b\" data-element_type=\"widget\" data-widget_type=\"wgl-services-2.default\">\n\t\t\t\t<div class=\"elementor-widget-container\">\n\t\t\t        <div class=\"wgl-services-2\">\n            <div class=\"wgl-services_wrap\">                <div class=\"wgl-services_media-wrap\">\n                    <div class=\"wgl-services_circle-wrapper\" style=\"width: 77px; height: 77px; left: 16px; top: 16px;\"><div class=\"wgl-services_circle\"><\/div><\/div>\n                    <div class=\"wgl-services_circle-wrapper\" style=\"width: 77px; height: 77px; left: 16px; top: 16px;\"><div class=\"wgl-services_circle\"><\/div><\/div><div class=\"wgl-widget_wrapper elementor-icon-box-icon\"><div class=\"wgl-widget_container\"><span class=\"wgl-icon elementor-icon\" ><i class=\"icon flaticon-pills-1\"><\/i><\/span><\/div><\/div>                <\/div>                <div class=\"wgl-services_content-wrap\">\n                    <h3 class=\"wgl-services_title\">Comprim\u00e9s de k\u00e9tamine par voie orale<\/h3>                        <div class=\"wgl-services_text\"><p><span>La k\u00e9tamine est compos\u00e9e d'un comprim\u00e9 oral qui se dissout sous la langue.  La k\u00e9tamine par voie orale est utilis\u00e9e en dehors des indications th\u00e9rapeutiques pour les d\u00e9pressions r\u00e9sistantes au traitement.\u00a0<\/span><span>Les premiers essais cliniques ont donn\u00e9 des r\u00e9sultats prometteurs;<\/span><span>cependant, la k\u00e9tamine orale est moins \u00e9tudi\u00e9e que l'esk\u00e9tamine IV et nasale.  La k\u00e9tamine orale est associ\u00e9e \u00e0 des effets dissociatifs significatifs, similaires \u00e0 ceux de la k\u00e9tamine IV.  Ainsi, la k\u00e9tamine orale est administr\u00e9e dans la clinique o\u00f9 vous \u00eates suivi par des professionnels de la sant\u00e9 form\u00e9s pour assurer un traitement s\u00fbr et soutenu.  Il est \u00e0 noter que vous ne pouvez pas emporter de comprim\u00e9s de k\u00e9tamine par voie orale \u00e0 la maison, car les doses sont administr\u00e9es exclusivement sous surveillance directe dans la clinique.<\/span><\/p><\/div>                <\/div>                    <a class=\"wgl-services_item-link\"><\/a>            <\/div>\n        <\/div>\n\n        \t\t<\/div>\n\t\t\t\t<\/div>\n\t\t\t\t\t\t<\/div>\n\t\t\t\t\t<\/div>\n\t\t<\/div>\n\t\t\t\t\t\t\t\t<\/div>\n\t\t\t\t\t<\/div>\n\t\t<\/section>\n\t\t\t\t\t\t<\/div>\n\t\t\t\t\t<\/div>\n\t\t<\/div>\n\t\t\t\t\t\t\t\t<\/div>\n\t\t\t\t\t<\/div>\n\t\t<\/section>\n\t\t\t\t<section class=\"elementor-section elementor-top-section elementor-element elementor-element-6e37315f elementor-section-boxed elementor-section-height-default elementor-section-height-default\" data-id=\"6e37315f\" data-element_type=\"section\" data-settings=\"{&quot;background_background&quot;:&quot;classic&quot;}\">\n\t\t\t\t\t\t<div class=\"elementor-container elementor-column-gap-default\">\n\t\t\t\t\t\t\t<div class=\"elementor-row\">\n\t\t\t\t\t<div class=\"elementor-column elementor-col-100 elementor-top-column elementor-element elementor-element-4365f6\" data-id=\"4365f6\" data-element_type=\"column\">\n\t\t\t<div class=\"elementor-column-wrap elementor-element-populated\">\n\t\t\t\t\t\t\t<div class=\"elementor-widget-wrap\">\n\t\t\t\t\t\t<div class=\"elementor-element elementor-element-73d7b497 elementor-widget elementor-widget-spacer\" data-id=\"73d7b497\" data-element_type=\"widget\" data-widget_type=\"spacer.default\">\n\t\t\t\t<div class=\"elementor-widget-container\">\n\t\t\t\t\t<div class=\"elementor-spacer\">\n\t\t\t<div class=\"elementor-spacer-inner\"><\/div>\n\t\t<\/div>\n\t\t\t\t<\/div>\n\t\t\t\t<\/div>\n\t\t\t\t<div class=\"elementor-element elementor-element-a18acda elementor-widget-icon-box wgl-icon-box elementor-view-default elementor-position-top elementor-widget elementor-widget-wgl-info-box\" data-id=\"a18acda\" data-element_type=\"widget\" data-widget_type=\"wgl-info-box.default\">\n\t\t\t\t<div class=\"elementor-widget-container\">\n\t\t\t<div class=\"wgl-infobox\"><div class=\"wgl-infobox_wrapper elementor-icon-box-wrapper\"><div class=\"wgl-infobox-icon_wrapper elementor-icon-box-icon\"><div class=\"wgl-infobox-icon_container\"><span class=\"wgl-icon elementor-icon elementor-animation-\" ><i class=\"icon flaticon-call\"><\/i><\/span><\/div><\/div><div class=\"wgl-infobox-content_wrapper elementor-icon-box-content\"><div class=\"wgl-infobox-title_wrapper\"><\/div><\/div><\/div><\/div>\t\t<\/div>\n\t\t\t\t<\/div>\n\t\t\t\t<div class=\"elementor-element elementor-element-7fea6db6 elementor-widget elementor-widget-wgl-double-headings\" data-id=\"7fea6db6\" data-element_type=\"widget\" data-widget_type=\"wgl-double-headings.default\">\n\t\t\t\t<div class=\"elementor-widget-container\">\n\t\t\t<div class=\"wgl-double_heading acenter\">                <h3 class=\"dbl-title_wrapper\"><span class=\"dbl-title dbl-title_1\">Vous souhaitez en savoir plus ? Contactez le CRTCE.<\/span>                 <\/h3>        <\/div>\t\t<\/div>\n\t\t\t\t<\/div>\n\t\t\t\t<div class=\"elementor-element elementor-element-514deecb elementor-widget elementor-widget-wgl-double-headings\" data-id=\"514deecb\" data-element_type=\"widget\" data-widget_type=\"wgl-double-headings.default\">\n\t\t\t\t<div class=\"elementor-widget-container\">\n\t\t\t<div class=\"wgl-double_heading acenter\"><a class=\"dbl-title_link\" href=\"tel:4164309619\">                <h3 class=\"dbl-title_wrapper\"><span class=\"dbl-title dbl-title_1\">(416) 430-9619<\/span>                 <\/h3><\/a>        <\/div>\t\t<\/div>\n\t\t\t\t<\/div>\n\t\t\t\t<div class=\"elementor-element elementor-element-5430cbda elementor-widget elementor-widget-spacer\" data-id=\"5430cbda\" data-element_type=\"widget\" data-widget_type=\"spacer.default\">\n\t\t\t\t<div class=\"elementor-widget-container\">\n\t\t\t\t\t<div class=\"elementor-spacer\">\n\t\t\t<div class=\"elementor-spacer-inner\"><\/div>\n\t\t<\/div>\n\t\t\t\t<\/div>\n\t\t\t\t<\/div>\n\t\t\t\t\t\t<\/div>\n\t\t\t\t\t<\/div>\n\t\t<\/div>\n\t\t\t\t\t\t\t\t<\/div>\n\t\t\t\t\t<\/div>\n\t\t<\/section>\n\t\t\t\t\t\t<\/div>\n\t\t\t\t\t\t<\/div>\n\t\t\t\t\t<\/div>","protected":false},"excerpt":{"rendered":"<p>Our Treatments Intravenous (IV) Ketamine IV ketamine is as an anesthetic medication that is also used for treatment resistant depression.\u00a0Numerous clinical trials have demonstrated that IV ketamine has rapid and robust antidepressant effects in individuals who continue to suffer from depression, despite trying numerous antidepressant medications and psychotherapy. IV ketamine is used &#8216;off label&#8217; for [&hellip;]<\/p>","protected":false},"author":1,"featured_media":0,"parent":0,"menu_order":0,"comment_status":"closed","ping_status":"closed","template":"","meta":{"inline_featured_image":false},"_links":{"self":[{"href":"https:\/\/crtce.com\/fr\/wp-json\/wp\/v2\/pages\/207"}],"collection":[{"href":"https:\/\/crtce.com\/fr\/wp-json\/wp\/v2\/pages"}],"about":[{"href":"https:\/\/crtce.com\/fr\/wp-json\/wp\/v2\/types\/page"}],"author":[{"embeddable":true,"href":"https:\/\/crtce.com\/fr\/wp-json\/wp\/v2\/users\/1"}],"replies":[{"embeddable":true,"href":"https:\/\/crtce.com\/fr\/wp-json\/wp\/v2\/comments?post=207"}],"version-history":[{"count":33,"href":"https:\/\/crtce.com\/fr\/wp-json\/wp\/v2\/pages\/207\/revisions"}],"predecessor-version":[{"id":2465,"href":"https:\/\/crtce.com\/fr\/wp-json\/wp\/v2\/pages\/207\/revisions\/2465"}],"wp:attachment":[{"href":"https:\/\/crtce.com\/fr\/wp-json\/wp\/v2\/media?parent=207"}],"curies":[{"name":"wp","href":"https:\/\/api.w.org\/{rel}","templated":true}]}}